{"id":5187,"date":"2025-11-12T15:21:24","date_gmt":"2025-11-12T14:21:24","guid":{"rendered":"https:\/\/cibe-nature.com\/?page_id=5187"},"modified":"2025-11-12T15:23:04","modified_gmt":"2025-11-12T14:23:04","slug":"mentions-legales","status":"publish","type":"page","link":"https:\/\/cibe-nature.com\/index.php\/mentions-legales\/","title":{"rendered":"Mentions l\u00e9gales"},"content":{"rendered":"\n<h2 class=\"wp-block-heading\">Mentions l\u00e9gales<\/h2>\n\n\n\n<p><strong>\u00c9diteur du site<\/strong><br>Nom de l\u2019association : Comit\u00e9 International du Bien-\u00eatre<br>Adresse : 27, rue du Lion 60300 Senlis<br>Email : cibe.nature@gmail.com<\/p>\n\n\n\n<p><strong>Directeur de la publication<\/strong><br>Monsieur Nguyen.<\/p>\n\n\n\n<p><strong>H\u00e9bergement<\/strong><br>Le site est h\u00e9berg\u00e9 par : <strong>OVHcloud<\/strong><br>Si\u00e8ge social : 2 rue Kellermann \u2013 59100 Roubaix \u2013 France<br>T\u00e9l\u00e9phone : +33 9 72 10 10 07<br>Site web : <a href=\"https:\/\/www.ovh.com\">https:\/\/www.ovh.com<\/a><\/p>\n\n\n\n<p><strong>Propri\u00e9t\u00e9 intellectuelle<\/strong><br>Les contenus pr\u00e9sents sur ce site (textes, images, logos, vid\u00e9os\u2026) sont la propri\u00e9t\u00e9 de l&#8217;association CIBE, sauf mention contraire. Toute reproduction ou utilisation sans autorisation est interdite.<\/p>\n\n\n\n<p><strong>Protection des donn\u00e9es personnelles<\/strong><br>Le site ne collecte que les donn\u00e9es strictement n\u00e9cessaires (ex : formulaire de contact).<br>Conform\u00e9ment \u00e0 la loi \u00ab Informatique et Libert\u00e9s \u00bb et au RGPD, vous pouvez exercer un droit d\u2019acc\u00e8s, de rectification ou de suppression des donn\u00e9es vous concernant en contactant : cibe.nature@gmail.com.<\/p>\n\n\n\n<p><strong>Cookies<\/strong><br>Le site peut utiliser des cookies pour am\u00e9liorer la navigation. Vous pouvez g\u00e9rer ou refuser les cookies via les param\u00e8tres de votre navigateur.<\/p>\n\n\n\n<p><strong>Responsabilit\u00e9<\/strong><br>L\u2019association CIBE ne peut \u00eatre tenue responsable des \u00e9ventuelles erreurs ou omissions pr\u00e9sentes sur le site, ni des dommages li\u00e9s \u00e0 l\u2019utilisation du site.<\/p>\n\n\n\n<p><strong>Litiges<\/strong><br>Tout litige relatif \u00e0 l\u2019utilisation du site sera soumis au droit fran\u00e7ais.<\/p>\n","protected":false},"excerpt":{"rendered":"<p>Mentions l\u00e9gales \u00c9diteur du siteNom de l\u2019association : Comit\u00e9 International du Bien-\u00eatreAdresse : 27, rue du Lion 60300 SenlisEmail : cibe.nature@gmail.com Directeur de la publicationMonsieur Nguyen. H\u00e9bergementLe site est h\u00e9berg\u00e9 par : OVHcloudSi\u00e8ge social : 2 rue Kellermann \u2013 59100 Roubaix \u2013 FranceT\u00e9l\u00e9phone : +33 9 72 10 10 07Site web : https:\/\/www.ovh.com Propri\u00e9t\u00e9 intellectuelleLes &hellip; <a href=\"https:\/\/cibe-nature.com\/index.php\/mentions-legales\/\" class=\"more-link\">Continue reading <span class=\"screen-reader-text\">Mentions l\u00e9gales<\/span><\/a><\/p>\n","protected":false},"author":1,"featured_media":0,"parent":0,"menu_order":0,"comment_status":"closed","ping_status":"closed","template":"","meta":{"spay_email":"","footnotes":""},"class_list":["post-5187","page","type-page","status-publish","hentry"],"yoast_head":"<!-- This site is optimized with the Yoast SEO plugin v23.4 - https:\/\/yoast.com\/wordpress\/plugins\/seo\/ -->\n<title>Mentions l\u00e9gales - CIBE<\/title>\n<meta name=\"robots\" content=\"index, follow, max-snippet:-1, max-image-preview:large, max-video-preview:-1\" \/>\n<link rel=\"canonical\" href=\"https:\/\/cibe-nature.com\/index.php\/mentions-legales\/\" \/>\n<meta property=\"og:locale\" content=\"fr_FR\" \/>\n<meta property=\"og:type\" content=\"article\" \/>\n<meta property=\"og:title\" content=\"Mentions l\u00e9gales - CIBE\" \/>\n<meta property=\"og:description\" content=\"Mentions l\u00e9gales \u00c9diteur du siteNom de l\u2019association : Comit\u00e9 International du Bien-\u00eatreAdresse : 27, rue du Lion 60300 SenlisEmail : cibe.nature@gmail.com Directeur de la publicationMonsieur Nguyen. H\u00e9bergementLe site est h\u00e9berg\u00e9 par : OVHcloudSi\u00e8ge social : 2 rue Kellermann \u2013 59100 Roubaix \u2013 FranceT\u00e9l\u00e9phone : +33 9 72 10 10 07Site web : https:\/\/www.ovh.com Propri\u00e9t\u00e9 intellectuelleLes &hellip; Continue reading Mentions l\u00e9gales\" \/>\n<meta property=\"og:url\" content=\"https:\/\/cibe-nature.com\/index.php\/mentions-legales\/\" \/>\n<meta property=\"og:site_name\" content=\"CIBE\" \/>\n<meta property=\"article:publisher\" content=\"https:\/\/www.facebook.com\/cibe.nature\" \/>\n<meta property=\"article:modified_time\" content=\"2025-11-12T14:23:04+00:00\" \/>\n<meta name=\"twitter:card\" content=\"summary_large_image\" \/>\n<meta name=\"twitter:label1\" content=\"Dur\u00e9e de lecture estim\u00e9e\" \/>\n\t<meta name=\"twitter:data1\" content=\"1 minute\" \/>\n<script type=\"application\/ld+json\" class=\"yoast-schema-graph\">{\"@context\":\"https:\/\/schema.org\",\"@graph\":[{\"@type\":\"WebPage\",\"@id\":\"https:\/\/cibe-nature.com\/index.php\/mentions-legales\/\",\"url\":\"https:\/\/cibe-nature.com\/index.php\/mentions-legales\/\",\"name\":\"Mentions l\u00e9gales - CIBE\",\"isPartOf\":{\"@id\":\"https:\/\/cibe-nature.com\/#website\"},\"datePublished\":\"2025-11-12T14:21:24+00:00\",\"dateModified\":\"2025-11-12T14:23:04+00:00\",\"breadcrumb\":{\"@id\":\"https:\/\/cibe-nature.com\/index.php\/mentions-legales\/#breadcrumb\"},\"inLanguage\":\"fr-FR\",\"potentialAction\":[{\"@type\":\"ReadAction\",\"target\":[\"https:\/\/cibe-nature.com\/index.php\/mentions-legales\/\"]}]},{\"@type\":\"BreadcrumbList\",\"@id\":\"https:\/\/cibe-nature.com\/index.php\/mentions-legales\/#breadcrumb\",\"itemListElement\":[{\"@type\":\"ListItem\",\"position\":1,\"name\":\"Accueil\",\"item\":\"https:\/\/cibe-nature.com\/\"},{\"@type\":\"ListItem\",\"position\":2,\"name\":\"Mentions l\u00e9gales\"}]},{\"@type\":\"WebSite\",\"@id\":\"https:\/\/cibe-nature.com\/#website\",\"url\":\"https:\/\/cibe-nature.com\/\",\"name\":\"CIBE\",\"description\":\"Cr\u00e9ateur de Bien-Etre\",\"publisher\":{\"@id\":\"https:\/\/cibe-nature.com\/#organization\"},\"potentialAction\":[{\"@type\":\"SearchAction\",\"target\":{\"@type\":\"EntryPoint\",\"urlTemplate\":\"https:\/\/cibe-nature.com\/?s={search_term_string}\"},\"query-input\":{\"@type\":\"PropertyValueSpecification\",\"valueRequired\":true,\"valueName\":\"search_term_string\"}}],\"inLanguage\":\"fr-FR\"},{\"@type\":\"Organization\",\"@id\":\"https:\/\/cibe-nature.com\/#organization\",\"name\":\"Comit\u00e9 International du Bien-\u00eatre\",\"url\":\"https:\/\/cibe-nature.com\/\",\"logo\":{\"@type\":\"ImageObject\",\"inLanguage\":\"fr-FR\",\"@id\":\"https:\/\/cibe-nature.com\/#\/schema\/logo\/image\/\",\"url\":\"https:\/\/cibe-nature.com\/wp-content\/uploads\/2021\/06\/logo_fb.jpg\",\"contentUrl\":\"https:\/\/cibe-nature.com\/wp-content\/uploads\/2021\/06\/logo_fb.jpg\",\"width\":1446,\"height\":1446,\"caption\":\"Comit\u00e9 International du Bien-\u00eatre\"},\"image\":{\"@id\":\"https:\/\/cibe-nature.com\/#\/schema\/logo\/image\/\"},\"sameAs\":[\"https:\/\/www.facebook.com\/cibe.nature\",\"https:\/\/www.instagram.com\/cibenature\/\"]}]}<\/script>\n<!-- \/ Yoast SEO plugin. -->","yoast_head_json":{"title":"Mentions l\u00e9gales - CIBE","robots":{"index":"index","follow":"follow","max-snippet":"max-snippet:-1","max-image-preview":"max-image-preview:large","max-video-preview":"max-video-preview:-1"},"canonical":"https:\/\/cibe-nature.com\/index.php\/mentions-legales\/","og_locale":"fr_FR","og_type":"article","og_title":"Mentions l\u00e9gales - CIBE","og_description":"Mentions l\u00e9gales \u00c9diteur du siteNom de l\u2019association : Comit\u00e9 International du Bien-\u00eatreAdresse : 27, rue du Lion 60300 SenlisEmail : cibe.nature@gmail.com Directeur de la publicationMonsieur Nguyen. H\u00e9bergementLe site est h\u00e9berg\u00e9 par : OVHcloudSi\u00e8ge social : 2 rue Kellermann \u2013 59100 Roubaix \u2013 FranceT\u00e9l\u00e9phone : +33 9 72 10 10 07Site web : https:\/\/www.ovh.com Propri\u00e9t\u00e9 intellectuelleLes &hellip; Continue reading Mentions l\u00e9gales","og_url":"https:\/\/cibe-nature.com\/index.php\/mentions-legales\/","og_site_name":"CIBE","article_publisher":"https:\/\/www.facebook.com\/cibe.nature","article_modified_time":"2025-11-12T14:23:04+00:00","twitter_card":"summary_large_image","twitter_misc":{"Dur\u00e9e de lecture estim\u00e9e":"1 minute"},"schema":{"@context":"https:\/\/schema.org","@graph":[{"@type":"WebPage","@id":"https:\/\/cibe-nature.com\/index.php\/mentions-legales\/","url":"https:\/\/cibe-nature.com\/index.php\/mentions-legales\/","name":"Mentions l\u00e9gales - CIBE","isPartOf":{"@id":"https:\/\/cibe-nature.com\/#website"},"datePublished":"2025-11-12T14:21:24+00:00","dateModified":"2025-11-12T14:23:04+00:00","breadcrumb":{"@id":"https:\/\/cibe-nature.com\/index.php\/mentions-legales\/#breadcrumb"},"inLanguage":"fr-FR","potentialAction":[{"@type":"ReadAction","target":["https:\/\/cibe-nature.com\/index.php\/mentions-legales\/"]}]},{"@type":"BreadcrumbList","@id":"https:\/\/cibe-nature.com\/index.php\/mentions-legales\/#breadcrumb","itemListElement":[{"@type":"ListItem","position":1,"name":"Accueil","item":"https:\/\/cibe-nature.com\/"},{"@type":"ListItem","position":2,"name":"Mentions l\u00e9gales"}]},{"@type":"WebSite","@id":"https:\/\/cibe-nature.com\/#website","url":"https:\/\/cibe-nature.com\/","name":"CIBE","description":"Cr\u00e9ateur de Bien-Etre","publisher":{"@id":"https:\/\/cibe-nature.com\/#organization"},"potentialAction":[{"@type":"SearchAction","target":{"@type":"EntryPoint","urlTemplate":"https:\/\/cibe-nature.com\/?s={search_term_string}"},"query-input":{"@type":"PropertyValueSpecification","valueRequired":true,"valueName":"search_term_string"}}],"inLanguage":"fr-FR"},{"@type":"Organization","@id":"https:\/\/cibe-nature.com\/#organization","name":"Comit\u00e9 International du Bien-\u00eatre","url":"https:\/\/cibe-nature.com\/","logo":{"@type":"ImageObject","inLanguage":"fr-FR","@id":"https:\/\/cibe-nature.com\/#\/schema\/logo\/image\/","url":"https:\/\/cibe-nature.com\/wp-content\/uploads\/2021\/06\/logo_fb.jpg","contentUrl":"https:\/\/cibe-nature.com\/wp-content\/uploads\/2021\/06\/logo_fb.jpg","width":1446,"height":1446,"caption":"Comit\u00e9 International du Bien-\u00eatre"},"image":{"@id":"https:\/\/cibe-nature.com\/#\/schema\/logo\/image\/"},"sameAs":["https:\/\/www.facebook.com\/cibe.nature","https:\/\/www.instagram.com\/cibenature\/"]}]}},"_links":{"self":[{"href":"https:\/\/cibe-nature.com\/index.php\/wp-json\/wp\/v2\/pages\/5187"}],"collection":[{"href":"https:\/\/cibe-nature.com\/index.php\/wp-json\/wp\/v2\/pages"}],"about":[{"href":"https:\/\/cibe-nature.com\/index.php\/wp-json\/wp\/v2\/types\/page"}],"author":[{"embeddable":true,"href":"https:\/\/cibe-nature.com\/index.php\/wp-json\/wp\/v2\/users\/1"}],"replies":[{"embeddable":true,"href":"https:\/\/cibe-nature.com\/index.php\/wp-json\/wp\/v2\/comments?post=5187"}],"version-history":[{"count":3,"href":"https:\/\/cibe-nature.com\/index.php\/wp-json\/wp\/v2\/pages\/5187\/revisions"}],"predecessor-version":[{"id":5190,"href":"https:\/\/cibe-nature.com\/index.php\/wp-json\/wp\/v2\/pages\/5187\/revisions\/5190"}],"wp:attachment":[{"href":"https:\/\/cibe-nature.com\/index.php\/wp-json\/wp\/v2\/media?parent=5187"}],"curies":[{"name":"wp","href":"https:\/\/api.w.org\/{rel}","templated":true}]}}